{"id":62,"date":"2020-08-15T06:32:56","date_gmt":"2020-08-15T06:32:56","guid":{"rendered":"https:\/\/teamsle.ch\/?page_id=62"},"modified":"2020-09-11T08:38:50","modified_gmt":"2020-09-11T08:38:50","slug":"agb","status":"publish","type":"page","link":"https:\/\/teamsle.ch\/?page_id=62","title":{"rendered":"AGB"},"content":{"rendered":"\t\t<div data-elementor-type=\"wp-page\" data-elementor-id=\"62\" class=\"elementor elementor-62\" data-elementor-settings=\"[]\">\n\t\t\t\t\t\t<div class=\"elementor-inner\">\n\t\t\t\t\t\t\t<div class=\"elementor-section-wrap\">\n\t\t\t\t\t\t\t<section class=\"elementor-section elementor-top-section elementor-element elementor-element-61c8a18a elementor-section-boxed elementor-section-height-default elementor-section-height-default\" data-id=\"61c8a18a\" data-element_type=\"section\">\n\t\t\t\t\t\t<div class=\"elementor-container elementor-column-gap-default\">\n\t\t\t\t\t\t\t<div class=\"elementor-row\">\n\t\t\t\t\t<div class=\"elementor-column elementor-col-100 elementor-top-column elementor-element elementor-element-62eb58a\" data-id=\"62eb58a\" data-element_type=\"column\">\n\t\t\t<div class=\"elementor-column-wrap elementor-element-populated\">\n\t\t\t\t\t\t\t<div class=\"elementor-widget-wrap\">\n\t\t\t\t\t\t<div class=\"elementor-element elementor-element-4688544c elementor-widget__width-auto elementor-absolute elementor-widget elementor-widget-text-editor\" data-id=\"4688544c\" data-element_type=\"widget\" data-settings=\"{&quot;_position&quot;:&quot;absolute&quot;}\" data-widget_type=\"text-editor.default\">\n\t\t\t\t<div class=\"elementor-widget-container\">\n\t\t\t\t\t<div class=\"elementor-text-editor elementor-clearfix\"><p><span style=\"color: #000000;\"><!-- wp:paragraph --><\/span><\/p>\n<h2>Nutzungsbedingungen (NBs):<\/h2>\n<p>Die Teamsle-App ist kostenlos. Damit sie im Sinne der User und der Betreiber funktionieren kann, bedarf es Spielregeln. Diese NBs regeln deine Nutzung von Teamsle und den \u00fcbrigen Dienstleistungen, Produkten, Features, Apps, Diensten, Technologien und Softwares, die wir anbieten.<\/p>\n<p>Wenn du Dienstleistungen und Produkte unserer Partnerunternehmen nutzt (z.B. werbende Unternehmen), akzeptierst du auch die Allgemeinen Gesch\u00e4ftsbestimmungen und\/oder Nutzungsbedingungen dieser Partnerunternehmen.<\/p>\n<p>Die Verwendung der Personendaten ist in den Datenschutzrichtlinien geregelt. Diese sind integraler und bindender Bestandteil dieser NBs.<\/p>\n<h3>1. Was ist Teamsle?<\/h3>\n<p>Teamsle ist eine kostenlose News-App f\u00fcr Sportlerinnen und Sportler sowie weitere interessierte Kreise. Im Zentrum stehen du, dein Team, deine Liga, deine Freunde. Mit dieser App findest Informationen in Form von Videos, Fotos, Audios und Texten, welche die Teamsle-User oder -Administratoren sowie Dritte zur Verf\u00fcgung stellen. Die Teamsle-App tr\u00e4gt f\u00fcr dich relevante Informationen im Sportstudio zusammen, auf Basis deiner Pr\u00e4ferenz-Angaben und deines Nutzungsverhaltens. Teamsle unterst\u00fctzt dich dabei, wichtige Informationen zu finden (publizistische wie auch kommerzielle).<\/p>\n<p>In dieser App dreht sich alles um Sport. Wir sch\u00fctzen die Teamsle-Community vor Missbrauch und sch\u00e4dlichem Verhalten der User oder externer Personen und treffen \u2013 wenn n\u00f6tig \u2013 Gegenmassnahmen. Wir sind bem\u00fcht, unser Produkt st\u00e4ndig zu verbessern. Wir f\u00fchren dazu Umfragen durch oder werten das Verhalten der Teamsle-User aus. Gerne nehmen wir auch direkt Vorschl\u00e4ge, Kritik und Lob entgegen: info@teamsle.ch. Damit eine komplexe App wie Teamsle funktionieren kann, bedarf es Spielregeln:<\/p>\n<h3>2. Deine Pflichten<\/h3>\n<p>Wir m\u00f6chten wissen, wer du bist. Verwende daher in der App deinen richtigen Namen und stelle korrekte Informationen \u00fcber dich zur Verf\u00fcgung. Du darfst nur ein einziges Konto erstellen und zwar dein eigenes.<\/p>\n<p>Sorge daf\u00fcr, dass keine fremden Personen sich in deinem Namen Zugang zur App verschaffen. Sch\u00fctze dein Passwort.<\/p>\n<p>Du darfst keine Inhalte in der Teamsle-App verbreiten, die rechtswidrig, irref\u00fchrend, diskriminierend, verletzend oder betr\u00fcgerisch sind. Du musst die geistigen Eigentumsrechte Anderer respektieren. Wenn andere User gegen diese Pflichten verstossen, darfst du uns darauf aufmerksam machen: info@teamsle.ch. Wir pr\u00fcfen jeden gemeldeten Regelverstoss und entscheiden dann \u00fcber allf\u00e4llige Massnahmen. Teamsle und wir sind nicht f\u00fcr die publizierten Inhalte der User verantwortlich.<\/p>\n<h3>3. Deine Rechte<\/h3>\n<p>Du kannst deine Inhalte und dein Konto jederzeit von uns l\u00f6schen lassen. Wenn andere Teamsle-User deine Inhalte weiterverbreitet haben, kann es sein, dass diese in der App und in unseren \u00fcbrigen Dienstleistungen und Produkten bleiben.<\/p>\n<h3>4. Unsere Pflichten<\/h3>\n<p>Wir verpflichten uns, s\u00e4mtliche Inhalte und Daten in Servern und Systemen, die wir als sicher erachten, zu speichern und zu verteilen. Dazu ziehen wir geeignete Partner-Firmen mit ein.<\/p>\n<h3>5. Unsere Rechte<\/h3>\n<p>Wenn du gegen unsere NBs verst\u00f6sst, k\u00f6nnen wir dein Konto ohne Vorwarnung deaktivieren. In diesem Fall ist es dir auch nicht mehr erlaubt, ein neues Konto zu er\u00f6ffnen. Wir k\u00f6nnen jederzeit auch einzelne Inhalte entfernen.<\/p>\n<p>Wenn du Inhalte in der Teamsle-App ver\u00f6ffentlichst, gew\u00e4hrst du uns das Recht, diese Inhalte geb\u00fchrenfrei und weltweit zu hosten, zu verwenden, zu verbreiten, zu modifizieren, zu kopieren, zu ver\u00f6ffentlichen, zu \u00fcbersetzen oder neue Werke daraus zu erstellen.<\/p>\n<p>Du darfst unsere Urheberrechte oder Marken nur mit unserer vorherigen schriftlichen Genehmigung verwenden. Du musst unsere schriftliche Genehmigung ebenfalls einholen, um Quellcode von uns zu ver\u00e4ndern, abgeleitete Werke davon zu erstellen oder ihn zu extrahieren.<\/p>\n<p>Wir k\u00f6nnen jederzeit \u00c4nderungen an diesen NBs vornehmen. Wir informieren dich im Voraus \u00fcber die Teamsle-App. Sobald die neuen NBs in Kraft treten, bist du an diese gebunden, wenn du unsere Produkte und Dienstleistungen weiterhin nutzt.<\/p>\n<h3>6. Haftungsausschluss<\/h3>\n<p>Wir k\u00f6nnen nicht garantieren, dass unsere Produkte immer ohne Unterbrechungen, Verz\u00f6gerungen oder M\u00e4ngel funktionieren. Sofern wir aufgrund angemessener Kenntnisse, mit der erforderlichen Sorgfalt und im Rahmen unserer Personalressourcen gehandelt haben, \u00fcbernehmen wir keine Verantwortung f\u00fcr: Verluste bzw. Sch\u00e4den, die nicht durch unseren Verstoss gegen diese NBs verursacht wurden; Verluste bzw. Sch\u00e4den, die zum Zeitpunkt des Abschlusses dieser NBs weder von dir noch von uns angemessenerweise vorhersehbar waren; jede Art von beleidigenden, unangemessenen, obsz\u00f6nen, rechtswidrigen oder auf sonstige Art anst\u00f6ssigen von anderen geposteten Inhalte, denen du eventuell auf unseren Produkten begegnest.<\/p>\n<p>Jegliche Haftung von Teamsle und uns (einschliesslich Fahrl\u00e4ssigkeit) f\u00fcr direkte und indirekte Sch\u00e4den oder Folgesch\u00e4den, die sich aus dem Zugriff auf die Teamsle-App bzw. aus der Unm\u00f6glichkeit des Zugriffs oder der Benutzung ergeben, ist ausgeschlossen.<\/p>\n<p>F\u00fcr die Richtigkeit der \u00fcber die Teamsle-App verbreiteten Informationen und Ansichten wird keine Gew\u00e4hr geleistet.<\/p>\n<p>Wir geben keine Garantie, dass die Teamsle-App und der jeweilige Server frei von Viren oder sch\u00e4dlichen Bestandteilen sind.<\/p>\n<h3>7. Links<\/h3>\n<p>Wir haben die in der Teamsle-App verlinkten Websites nicht gepr\u00fcft und \u00fcbernehmen f\u00fcr deren Inhalte, die darauf angebotenen Produkte, Dienstleistungen oder sonstigen Angebote keine Verantwortung.<\/p>\n<h3>8. Streitf\u00e4lle<\/h3>\n<p>F\u00fcr jeglichen Anspruch, Klagegegenstand oder Streitfall, den du uns gegen\u00fcber hast und der sich aus diesen NBs ergibt, gelten ausschliesslich die Schweizer Gesetze. Gerichtsstand f\u00fcr alle Streitigkeiten zwischen uns und dir ist der Sitz von Teamsle.<\/p>\n<h3>9. Sonstiges<\/h3>\n<p>Du darfst keines der dir im Rahmen dieser NBs zustehenden Rechte bzw. keine der dir obliegenden Pflichten ohne unsere Einwilligung an andere \u00fcbertragen.<\/p>\n<p>Diese NBs gew\u00e4hren keinem Dritten irgendwelche Beg\u00fcnstigungsrechte.<\/p>\n<p>S\u00e4mtliche Rechte und Pflichten, die wir im Rahmen dieser NBs haben, sind durch uns im Rahmen einer Fusion, einer \u00dcbernahme, eines Verkaufs von Verm\u00f6genswerten, kraft Gesetzes oder anderweitig frei abtretbar.<\/p>\n<p>Letztes Update dieser NBs: 10. September 2020<\/p>\n<p><strong>Teamsle<\/strong><br \/>Steinhaldenstrasse 55<br \/>8002 Z\u00fcrich<br \/>Schweiz<br \/>info@teamsle.ch\u00a0<\/p>\n<hr \/>\n<h2>Datenschutz-Richtlinien (DRs):<\/h2>\n<p>Die von dir in der Teamsle-App ver\u00f6ffentlichten Inhalte werden von uns analysiert und weiterverarbeitet.<\/p>\n<p>Wenn du die Teamsle-App oder andere Dienste von uns nutzt, vertraust du uns Daten an. Wir sch\u00fctzen diese Daten vor unberechtigten Dritten. Damit Teamsle funktioniert, verarbeiten wir Informationen von dir und \u00fcber dich.<\/p>\n<h3>1. Welche Informationen erfassen wir?<\/h3>\n<p>Wir erfassen und analysieren Inhalte, Kommunikationen und sonstigen Informationen, die du bereitstellst, wenn du unsere App sowie weitere Dienstleistungen und Produkte nutzt. Dazu geh\u00f6ren auch deine Registrierung f\u00fcr ein Konto, das Erstellen, Bewerten und Kommentieren von Inhalten sowie der Nachrichtenaustausch bzw. das Kommunizieren mit anderen. Dies kann Informationen \u00fcber die von dir bereitgestellten Inhalte oder Metadaten umfassen (z.\u00a0B. den Aufnahme-Standort eines Fotos oder das Datum, an dem ein Inhalt erstellt wurde).<\/p>\n<p>Wir erfassen und analysieren Informationen \u00fcber Personen, Teams, Vereine, Verb\u00e4nde, Fans und andere Gruppen, mit denen du verbunden bist, und Informationen dar\u00fcber, wie du mit diesen Gruppen in unserer App und weiteren Produkten interagierst.<\/p>\n<p>Wir erfassen und analysieren Informationen dar\u00fcber, wie du unsere Produkte nutzt, beispielsweise welche Inhalte du dir ansiehst; Informationen \u00fcber die von dir genutzten Funktionen, \u00fcber deine Handlungen, \u00fcber die Personen oder Konten, mit denen du interagierst, und \u00fcber die Zeit, H\u00e4ufigkeit und Dauer deiner Aktivit\u00e4ten.<\/p>\n<p>Wir erfassen und analysieren Aktivit\u00e4ten, Inhalte, Kommunikationen und weitere Informationen anderer User. Dies k\u00f6nnen auch Informationen \u00fcber dich sein, beispielsweise, wenn andere ein Foto von dir bewerten oder kommentieren, oder wenn sie dir eine Nachricht senden.<\/p>\n<p>Wir erfassen und analysieren Informationen \u00fcber dein Ger\u00e4t wie das Betriebssystem, Hardware- und Software-Versionen sowie Daten aus deinen Ger\u00e4te-Einstellungen, sofern du uns dies gestattet hast: dein GPS-Standort, deine Kamera, deine Fotos, deine Sprache, deine Zeitzone, deine Mobiltelefon-Nummer, deine IP-Adresse.<\/p>\n<h3>2. Wie verwenden wir diese Informationen?<\/h3>\n<p>Wir verwenden die uns zur Verf\u00fcgung stehenden Informationen, um unsere Produkte bereitzustellen, also auch um Funktionen und Inhalte zu personalisieren und dir auf unseren Produkten Vorschl\u00e4ge zu unterbreiten.<\/p>\n<p>Um personalisierte Produkte zu erstellen, die individuell und f\u00fcr dich relevant sind, verwenden wir deine Verbindungen, Pr\u00e4ferenzen, Interessen und Aktivit\u00e4ten. Dies basiert auf den Daten, die wir von dir und anderen erfassen und erfahren; darauf, wie du unsere Produkte nutzt und mit ihnen interagierst, und auf den Personen, Orten oder Dingen, mit denen du auf unseren Produkten verbunden bzw. an denen du interessiert bist.<\/p>\n<p>Wir verwenden\u00a0standortbezogene Informationen\u00a0\u2013 wie deinen aktuellen Standort, deinen Wohnort, die Orte, die du gerne besuchst, und die Unternehmen und Personen in deiner N\u00e4he \u2013 um dir und anderen unsere Produkte,\u00a0einschliesslich Werbeanzeigen, bereitzustellen und diese zu verbessern. Standortbezogene Informationen k\u00f6nnen auf Dingen wie dem genauen Ger\u00e4testandort (wenn du uns gestattet hast, diesen zu erheben), IP-Adressen sowie Informationen aus der Nutzung von Teamsle-Produkten durch dich und andere (wie besuchte Orte oder Veranstaltungen, an denen du teilgenommen hast) basieren.<\/p>\n<p>Wir verwenden die uns zur Verf\u00fcgung stehenden Informationen zur Entwicklung, Erprobung und Verbesserung unserer Produkte, u. a. indem wir Umfragen sowie Tests und Fehler- bzw. Problembehebungen f\u00fcr neue Produkte und Funktionen durchf\u00fchren.<\/p>\n<p>Wir verwenden die uns \u00fcber dich zur Verf\u00fcgung stehenden Informationen \u2013 einschliesslich Informationen \u00fcber deine Interessen, Handlungen und Verbindungen \u2013 um dir personalisierte Werbeanzeigen, Angebote und sonstige gesponserte Inhalte zu zeigen.<\/p>\n<p>Wir verwenden die uns zur Verf\u00fcgung stehenden Informationen, um Werbetreibenden und anderen Partnern zu helfen, die Effektivit\u00e4t und Verbreitung ihrer Werbeanzeigen und Dienste zu messen und Aufschluss \u00fcber die Arten von Personen, die ihre Dienste nutzen, sowie dar\u00fcber, wie Personen mit ihren Webseiten, Apps und Diensten interagieren, zu erlangen. Daf\u00fcr teilen wir Informationen mit diesen Partnern.<\/p>\n<p>Wir verwenden die uns zur Verf\u00fcgung stehenden Informationen, um auf und ausserhalb von unseren Produkten Aktivit\u00e4ten und Konten zu verifizieren, sch\u00e4dliches Verhalten zu bek\u00e4mpfen, Spam und andere negative Erlebnisse aufzudecken und zu verhindern, die Integrit\u00e4t unserer Produkte zu wahren und den Schutz sowie die Sicherheit zu f\u00f6rdern.<\/p>\n<p>Wir verwenden die uns zur Verf\u00fcgung stehenden Informationen, um dir Marketingkommunikationen zu senden, um mit dir \u00fcber unsere Produkte zu kommunizieren und um dich \u00fcber unsere Richtlinien und Nutzungsbedingungen zu informieren.<\/p>\n<h3>3. Wie werden diese Informationen geteilt?<\/h3>\n<p>Wenn du unsere App und weitere Produkte nutzt und dabei Inhalte publizierst und kommunizierst,\u00a0werden diese f\u00fcr die \u00d6ffentlichkeit sichtbar.<\/p>\n<p>Diese \u00f6ffentlichen Informationen\u00a0k\u00f6nnen von jedem auf oder ausserhalb von unseren Produkten gesehen werden, also auch, wenn er\/sie kein Konto hat. Dies umfasst auch deinen Teamsle-Benutzernamen, jegliche Informationen, die du mit einer \u00f6ffentlichen Zielgruppe teilst, sowie Informationen in deinem \u00f6ffentlichen Profil auf Teamsle.<\/p>\n<p>Du, andere Personen und wir k\u00f6nnen jedem auf oder ausserhalb von unseren Produkten Zugriff auf \u00f6ffentliche Informationen gew\u00e4hren oder ihm\/ihr \u00f6ffentliche Informationen senden. Auf \u00f6ffentliche Informationen kann auch \u00fcber Drittanbieter-Dienste, wie Suchmaschinen, APIs und Offline-Medien (z. B. Fernsehen) und von Apps, Webseiten und anderen Diensten, die \u00fcber eine Integration mit unseren Produkten verf\u00fcgen, zugegriffen werden bzw. sie k\u00f6nnen \u00fcber diese gesehen, erneut geteilt oder heruntergeladen werden.<\/p>\n<p>Du solltest dir gut \u00fcberlegen, welche Inhalte du teilst, da die Personen, die deine Aktivit\u00e4t auf unseren Produkten sehen k\u00f6nnen, die Inhalte mit anderen auf und ausserhalb von unseren Produkten teilen k\u00f6nnen, einschliesslich Personen und Unternehmen, die nicht zu der Zielgruppe geh\u00f6ren, mit der du die Inhalte geteilt hast. Wenn du zum Beispiel einen Beitrag publizierst, kann jeder\/jede diesen Inhalt herunterladen, einen Screenshot davon anfertigen oder ihn erneut mit anderen auf oder ausserhalb von unseren Produkten, im pers\u00f6nlichen Austausch oder solchen der virtuellen Realit\u00e4t\u00a0teilen. Ausserdem ist, wenn du einen Beitrag von jemand anderem kommentierst oder auf dessen Inhalte reagierst, dein Kommentar bzw. deine Reaktion f\u00fcr alle Nutzer sichtbar.<\/p>\n<p>Personen k\u00f6nnen unsere Produkte auch nutzen, um Inhalte \u00fcber dich zu erstellen und zu teilen. Beispielsweise k\u00f6nnen Personen dich in einem Beitrag erw\u00e4hnen oder Informationen \u00fcber dich in ihren Beitr\u00e4gen oder Nachrichten teilen.<\/p>\n<h3>4. Wie teilen wir Daten mit unseren Partnern (Dritte)?<\/h3>\n<p>Wir haben strenge Regeln, wie unsere Partner die von uns bereitgestellten Daten verwenden und offenlegen k\u00f6nnen.<\/p>\n<p>Wir stellen Informationen bereit, um Personen und Unternehmen zu helfen, Aufschluss dar\u00fcber zu erlangen, wie Personen auf den Teamsle-Produkten mit ihren Beitr\u00e4gen, Anzeigen, Seiten, Videos und sonstigen Inhalten interagieren. Diese Personen erhalten z.B. Informationen \u00fcber die Anzahl der Personen, die ihre Beitr\u00e4ge aufgerufen, darauf reagiert oder sie kommentiert haben, sowie zusammengefasste demografische und andere Informationen.<\/p>\n<p>Wir stellen Werbetreibenden Berichte \u00fcber die Arten von Personen, die ihre Werbeanzeigen sehen, und \u00fcber den Erfolg ihrer Anzeigen bereit, aber wir teilen keine Informationen, die dich pers\u00f6nlich identifizieren (Informationen wie deinen Namen oder deine E-Mail-Adresse), ausser du erlaubst uns dies.<\/p>\n<p>Wir stellen Werbetreibenden allgemeine demografische und interessenbezogene Informationen bereit, um ihnen zu helfen, ihr Publikum besser zu verstehen (z.B. dass eine Werbeanzeige von einer Frau im Alter zwischen 25 und 34 Jahren, die in der Schweiz lebt und Unihockey spielt, angesehen wurde).<\/p>\n<p>Wir stellen Anbietern und Dienstleistern, die unser Unternehmen unterst\u00fctzen (z.B. indem sie technische Infrastrukturdienstleistungen erbringen, analysieren, wie unsere Produkte genutzt werden, etc.), Informationen und Inhalte bereit. Dazu geh\u00f6rt etwa Firebase (Google) mit Produkten wie Analytics, Cloud Storage und Database.<\/p>\n<p>Wir teilen Informationen mit Strafverfolgungsbeh\u00f6rden oder als Reaktion auf rechtliche Anfragen.<\/p>\n<h3>5. Wie lange speichern wir Daten?<\/h3>\n<p>Wir speichern Daten, bis sie nicht mehr ben\u00f6tigt werden, um unsere Dienste und Teamsle-Produkte bereitzustellen, oder bis dein Konto gel\u00f6scht wird, je nachdem, was zuerst eintritt. Dies ist eine Einzelfallbestimmung und h\u00e4ngt von Dingen ab wie der Art der Daten, warum sie erfasst und verarbeitet werden sowie den relevanten rechtlichen oder betrieblichen Speicherbed\u00fcrfnissen.<\/p>\n<p>Wenn du dein Konto l\u00f6schen l\u00e4sst, bleiben die von dir geposteten Inhalte, wie beispielsweise deine Fotos, Videos und Texte, grunds\u00e4tzlich weiterhin in der App ersichtlich. Auf Anfrage k\u00f6nnen wir einzelne Beitr\u00e4ge manuell l\u00f6schen. Informationen, die andere \u00fcber dich geteilt haben, geh\u00f6ren nicht zu deinem Konto und werden nicht gel\u00f6scht.<\/p>\n<h3>6. Wie kannst du deine gem\u00e4ss DSGVO gew\u00e4hrten Rechte aus\u00fcben?<\/h3>\n<p>Gem\u00e4ss der europ\u00e4ischen Datenschutz-Grundverordnung (DSGVO) hast du das Recht auf Auskunft, Berichtigung, \u00dcbertragbarkeit und L\u00f6schung deiner Daten. Du hast auch das Recht, Widerspruch einzulegen gegen bestimmte Verarbeitungen deiner Daten bzw. sie einzuschr\u00e4nken. Wir pr\u00fcfen entsprechende Anfragen, wenn sie uns \u00fcber info@teamsle.ch oder einer anderen elektronischen Adresse erreichen.<\/p>\n<h3>7. Wie reagieren wir auf rechtliche Anfragen?<\/h3>\n<p>Wir greifen auf deine Informationen zu, bewahren sie auf und teilen sie mit Aufsichts-, Strafverfolgungs- bzw. Vollstreckungsbeh\u00f6rden sowie anderen. Dies tun wir aber nur, wenn wir in gutem Glauben der Ansicht sind, dass wir rechtlich hierzu verpflichtet sind.<\/p>\n<h3>8. Wie benachrichtigen wir dich \u00fcber \u00c4nderungen?<\/h3>\n<p>Wir k\u00f6nnen jederzeit \u00c4nderungen an diesen DRs vornehmen. Wir informieren dich im Voraus \u00fcber die Teamsle-App. Sobald die neuen DRs in Kraft treten, bist du an diese gebunden, wenn du unsere Produkte und Dienstleistungen weiterhin nutzt.<\/p>\n<p>Letztes Update dieser DRs: 10. September 2020.<\/p>\n<p><strong>Teamsle<\/strong><br \/>Steinhaldenstrasse 55<br \/>8002 Z\u00fcrich<br \/>Schweiz<br \/>info@teamsle.ch<\/p>\n<p><span style=\"color: #000000;\"><!-- \/wp:paragraph --><\/span><\/p><\/div>\n\t\t\t\t<\/div>\n\t\t\t\t<\/div>\n\t\t\t\t\t\t<\/div>\n\t\t\t\t\t<\/div>\n\t\t<\/div>\n\t\t\t\t\t\t\t\t<\/div>\n\t\t\t\t\t<\/div>\n\t\t<\/section>\n\t\t\t\t\t\t<\/div>\n\t\t\t\t\t\t<\/div>\n\t\t\t\t\t<\/div>\n\t\t","protected":false},"excerpt":{"rendered":"<p>Nutzungsbedingungen (NBs): Die Teamsle-App ist kostenlos. Damit sie im Sinne der User und der Betreiber funktionieren kann, bedarf es Spielregeln. Diese NBs regeln deine Nutzung von Teamsle und den \u00fcbrigen Dienstleistungen, Produkten, Features, Apps, Diensten, Technologien und Softwares, die wir anbieten. Wenn du Dienstleistungen und Produkte unserer Partnerunternehmen nutzt (z.B. werbende Unternehmen), akzeptierst du auch [&hellip;]<\/p>\n","protected":false},"author":1,"featured_media":0,"parent":0,"menu_order":0,"comment_status":"closed","ping_status":"closed","template":"","meta":[],"_links":{"self":[{"href":"https:\/\/teamsle.ch\/index.php?rest_route=\/wp\/v2\/pages\/62"}],"collection":[{"href":"https:\/\/teamsle.ch\/index.php?rest_route=\/wp\/v2\/pages"}],"about":[{"href":"https:\/\/teamsle.ch\/index.php?rest_route=\/wp\/v2\/types\/page"}],"author":[{"embeddable":true,"href":"https:\/\/teamsle.ch\/index.php?rest_route=\/wp\/v2\/users\/1"}],"replies":[{"embeddable":true,"href":"https:\/\/teamsle.ch\/index.php?rest_route=%2Fwp%2Fv2%2Fcomments&post=62"}],"version-history":[{"count":18,"href":"https:\/\/teamsle.ch\/index.php?rest_route=\/wp\/v2\/pages\/62\/revisions"}],"predecessor-version":[{"id":111,"href":"https:\/\/teamsle.ch\/index.php?rest_route=\/wp\/v2\/pages\/62\/revisions\/111"}],"wp:attachment":[{"href":"https:\/\/teamsle.ch\/index.php?rest_route=%2Fwp%2Fv2%2Fmedia&parent=62"}],"curies":[{"name":"wp","href":"https:\/\/api.w.org\/{rel}","templated":true}]}}